{"id":7,"date":"2020-09-25T22:34:21","date_gmt":"2020-09-26T01:34:21","guid":{"rendered":"http:\/\/w28.eng.br\/?page_id=7"},"modified":"2023-10-20T12:41:07","modified_gmt":"2023-10-20T15:41:07","slug":"sobre","status":"publish","type":"page","link":"https:\/\/w28.eng.br\/","title":{"rendered":"Sobre"},"content":{"rendered":"\n<p>Empresa de Engenharia e Consultoria T\u00e9cnica em Energia e Telecomunica\u00e7\u00f5es.<\/p>\n","protected":false},"excerpt":{"rendered":"<p>Empresa de Engenharia e Consultoria T\u00e9cnica em Energia e Telecomunica\u00e7\u00f5es.<\/p>\n","protected":false},"author":1,"featured_media":0,"parent":0,"menu_order":0,"comment_status":"closed","ping_status":"closed","template":"","meta":{"footnotes":""},"class_list":["post-7","page","type-page","status-publish","hentry"],"_links":{"self":[{"href":"https:\/\/w28.eng.br\/index.php\/wp-json\/wp\/v2\/pages\/7","targetHints":{"allow":["GET"]}}],"collection":[{"href":"https:\/\/w28.eng.br\/index.php\/wp-json\/wp\/v2\/pages"}],"about":[{"href":"https:\/\/w28.eng.br\/index.php\/wp-json\/wp\/v2\/types\/page"}],"author":[{"embeddable":true,"href":"https:\/\/w28.eng.br\/index.php\/wp-json\/wp\/v2\/users\/1"}],"replies":[{"embeddable":true,"href":"https:\/\/w28.eng.br\/index.php\/wp-json\/wp\/v2\/comments?post=7"}],"version-history":[{"count":3,"href":"https:\/\/w28.eng.br\/index.php\/wp-json\/wp\/v2\/pages\/7\/revisions"}],"predecessor-version":[{"id":58,"href":"https:\/\/w28.eng.br\/index.php\/wp-json\/wp\/v2\/pages\/7\/revisions\/58"}],"wp:attachment":[{"href":"https:\/\/w28.eng.br\/index.php\/wp-json\/wp\/v2\/media?parent=7"}],"curies":[{"name":"wp","href":"https:\/\/api.w.org\/{rel}","templated":true}]}}